{"id":51,"date":"2018-01-03T11:07:18","date_gmt":"2018-01-03T10:07:18","guid":{"rendered":"http:\/\/www.lagob.fr\/?page_id=51"},"modified":"2026-01-10T09:57:24","modified_gmt":"2026-01-10T08:57:24","slug":"les-locataires","status":"publish","type":"page","link":"https:\/\/www.lagob.fr\/?page_id=51","title":{"rendered":"Les locataires"},"content":{"rendered":"<div class=\"wp-block-image\">\n<figure class=\"aligncenter size-large\"><img loading=\"lazy\" decoding=\"async\" width=\"836\" height=\"1024\" src=\"https:\/\/www.lagob.fr\/wp-content\/uploads\/2024\/05\/etat-lieux-gob-05-2024-836x1024.jpg\" alt=\"\" class=\"wp-image-1198\" srcset=\"https:\/\/www.lagob.fr\/wp-content\/uploads\/2024\/05\/etat-lieux-gob-05-2024-836x1024.jpg 836w, https:\/\/www.lagob.fr\/wp-content\/uploads\/2024\/05\/etat-lieux-gob-05-2024-245x300.jpg 245w, https:\/\/www.lagob.fr\/wp-content\/uploads\/2024\/05\/etat-lieux-gob-05-2024-768x941.jpg 768w, https:\/\/www.lagob.fr\/wp-content\/uploads\/2024\/05\/etat-lieux-gob-05-2024-1254x1536.jpg 1254w, https:\/\/www.lagob.fr\/wp-content\/uploads\/2024\/05\/etat-lieux-gob-05-2024-1672x2048.jpg 1672w\" sizes=\"(max-width: 767px) 89vw, (max-width: 1000px) 54vw, (max-width: 1071px) 543px, 580px\" \/><figcaption class=\"wp-element-caption\">Created with GIMP<\/figcaption><\/figure><\/div>\n\n\n<hr class=\"wp-block-separator has-css-opacity\"\/>\n\n\n\n<hr class=\"wp-block-separator has-css-opacity\"\/>\n\n\n\n<div class=\"locataire\">\n<figure><img loading=\"lazy\" decoding=\"async\" class=\"locataire-img alignleft wp-image-370\" src=\"https:\/\/www.lagob.fr\/wp-content\/uploads\/2018\/08\/37781400_211177169590214_3153452704840286208_n-300x300.jpg\" alt=\"\" width=\"200\" height=\"200\" srcset=\"https:\/\/www.lagob.fr\/wp-content\/uploads\/2018\/08\/37781400_211177169590214_3153452704840286208_n-300x300.jpg 300w, https:\/\/www.lagob.fr\/wp-content\/uploads\/2018\/08\/37781400_211177169590214_3153452704840286208_n-150x150.jpg 150w, https:\/\/www.lagob.fr\/wp-content\/uploads\/2018\/08\/37781400_211177169590214_3153452704840286208_n-768x768.jpg 768w, https:\/\/www.lagob.fr\/wp-content\/uploads\/2018\/08\/37781400_211177169590214_3153452704840286208_n-100x100.jpg 100w, https:\/\/www.lagob.fr\/wp-content\/uploads\/2018\/08\/37781400_211177169590214_3153452704840286208_n.jpg 960w\" sizes=\"(max-width: 200px) 100vw, 200px\" \/><\/figure><p>Guillaume Bourguignon, \u00e9lagueur.<\/p>\n<p>\u2192 <a href=\"https:\/\/www.facebook.com\/Bourguibois\">https:\/\/www.facebook.com\/Bourguibois<\/a><\/p>\n<\/div>\n\n\n\n<hr class=\"wp-block-separator has-css-opacity\"\/>\n\n\n\n<div class=\"locataire\">\n<figure><img loading=\"lazy\" decoding=\"async\" class=\"locataire-img alignleft wp-image-876 size-full\" src=\"https:\/\/www.lagob.fr\/wp-content\/uploads\/2020\/09\/logo_lazuli.png\" alt=\"\" width=\"200\" height=\"200\" srcset=\"https:\/\/www.lagob.fr\/wp-content\/uploads\/2020\/09\/logo_lazuli.png 4500w, https:\/\/www.lagob.fr\/wp-content\/uploads\/2020\/09\/logo_lazuli-150x150.png 150w, https:\/\/www.lagob.fr\/wp-content\/uploads\/2020\/09\/logo_lazuli-300x300.png 300w, https:\/\/www.lagob.fr\/wp-content\/uploads\/2020\/09\/logo_lazuli-768x768.png 768w, https:\/\/www.lagob.fr\/wp-content\/uploads\/2020\/09\/logo_lazuli-1024x1024.png 1024w, https:\/\/www.lagob.fr\/wp-content\/uploads\/2020\/09\/logo_lazuli-100x100.png 100w\" sizes=\"(max-width: 200px) 100vw, 200px\" \/><\/figure><p><\/p>\n<p>Le Cirque Lazuli ce sont avant tout des amoureux de voyages et d&rsquo;\u00e9changes, mettant l&rsquo;accent sur l&rsquo;itin\u00e9rance et la rencontre avec les spectateurs.\nNos spectacles toujours sur le fil mettent en balance les \u00e9quilibres et d\u00e9s\u00e9quilibres des relations humaines avec toujours plus d&rsquo;humour et d&rsquo;absurdit\u00e9&#8230;<\/p>\n<p>\u2192 <a href=\"https:\/\/www.cirquelazuli.com\/\">https:\/\/www.cirquelazuli.com\/<\/a><\/p>\n<\/div>\n\n\n\n<hr class=\"wp-block-separator has-css-opacity\"\/>\n\n\n\n<hr class=\"wp-block-separator has-css-opacity\"\/>\n\n\n\n<div class=\"locataire\">\n<figure><img loading=\"lazy\" decoding=\"async\" class=\"locataire-img alignleft wp-image-123\" src=\"https:\/\/www.lagob.fr\/wp-content\/uploads\/2018\/01\/electra-organic1.jpg\" alt=\"\" width=\"203\" height=\"149\"><\/figure><p><\/p>\n<p>Electra Organic est install\u00e9 \u00e0 Bressuire depuis septembre 2007. Nous vous proposons de vous accompagner dans vos projets de travaux (habitations, locaux neufs ou \u00e0 r\u00e9nover) pour :<\/p>\n<p><strong>L\u2019\u00e9lectricit\u00e9<\/strong> :<br>&#8211; Installations bio compatibles (limitant la pollution par champ \u00e9lectromagn\u00e9tique)<br>&#8211; Installations traditionnelles<\/p>\n<p><strong>L\u2019isolation des sols, murs et plafonds, avec mat\u00e9riaux naturels<\/strong> :<br>&#8211; Chaux, chanvre, cellulose puls\u00e9e, laine de bois<\/p>\n<p><strong>La cr\u00e9ation d\u2019espaces int\u00e9rieurs<\/strong> :<br>&#8211; Am\u00e9nagement-cloisonnement, conception-r\u00e9alisation d\u2019escaliers, de mezzanine, \u2026<br>&#8211; Mise en place de cloisons d\u2019inertie en briques de terre crue<br>&#8211; Enduits d\u00e9coratifs de finition<\/p>\n<p><strong>Po\u00eales de masse<\/strong> :<br>&#8211; Construction de po\u00eale de masse en argile et mat\u00e9riaux de r\u00e9cup\u2019<\/p>\n<p>\u2192 <a href=\"https:\/\/www.electra-organic.com\/\">https:\/\/www.electra-organic.com\/<\/a><\/p>\n<\/div>\n\n\n\n<hr class=\"wp-block-separator has-css-opacity\"\/>\n\n\n\n<div class=\"locataire\">\n<figure><img loading=\"lazy\" decoding=\"async\" class=\"locataire-img alignleft wp-image-655\" src=\"https:\/\/www.lagob.fr\/wp-content\/uploads\/2019\/07\/cropped-logo-enerbois-web-300x214.png\" alt=\"\" width=\"200\" height=\"143\"><\/figure><p><\/p>\n<p>Chauffagiste \u00e0 Bressuire, suite \u00e0 10 ans d&rsquo;exp\u00e9rience en tant que technicien d&rsquo;\u00e9tudes et de chantiers en chauffage bois et syst\u00e8mes solaires thermiques, EnerBois a vu le jour afin de promouvoir et de proposer des solutions de chauffage et de production d&rsquo;eau chaude sanitaire \u00e9cologiques, performantes et \u00e9conomiques.<\/p>\n<p>\u2192 <a href=\"https:\/\/enerbois-ouest.fr\/\">https:\/\/enerbois-ouest.fr\/<\/a><\/p>\n<\/div>\n\n\n\n<hr class=\"wp-block-separator has-css-opacity\"\/>\n\n\n\n<div class=\"locataire\">\n<figure><img loading=\"lazy\" decoding=\"async\" class=\"locataire-img wp-image-663 alignleft\" src=\"https:\/\/www.lagob.fr\/wp-content\/uploads\/2024\/02\/Logo-GEBULL-200X200-.png\" alt=\"\" width=\"200\" height=\"200\"><\/figure><p><\/p>\n<p>GEBULL est une association dont le but est de populariser le logiciel Libre et le syst\u00e8me d\u2019exploitation GNU\/Linux. Tous les jeudis soirs \u00e0 la Gob, des utilisateurs de tous niveaux s&rsquo;entraident, s&rsquo;\u00e9changent des conseils vari\u00e9s de th\u00e8mes larges autour du Libre comme la d\u00e9centralisation des services et l&rsquo;auto-h\u00e9bergement, des probl\u00e9matiques soci\u00e9tales et politiques li\u00e9es \u00e0 l&rsquo;informatique, ainsi qu&rsquo;\u00e0 son impact \u00e9cologique ou tout simplement bidouiller. Nous nous effor\u00e7ons de recycler de vieux PC et leur donner une seconde jeunesse gr\u00e2ce \u00e0 GNU\/Linux.<\/p>\n<p>\u2192 <a href=\"https:\/\/gebull.org\/\">https:\/\/gebull.org\/<\/a><\/p>\n<\/div>\n\n\n\n<hr class=\"wp-block-separator has-css-opacity\"\/>\n\n\n\n<hr class=\"wp-block-separator has-css-opacity\"\/>\n\n\n\n<div class=\"locataire\">\n<figure><img loading=\"lazy\" decoding=\"async\" class=\"locataire-img alignleft wp-image-295\" src=\"https:\/\/www.lagob.fr\/wp-content\/uploads\/2018\/06\/logo-HPS-2019-300x196.jpg\" alt=\"\" width=\"200\" height=\"131\" srcset=\"https:\/\/www.lagob.fr\/wp-content\/uploads\/2018\/06\/logo-HPS-2019-300x196.jpg 300w, https:\/\/www.lagob.fr\/wp-content\/uploads\/2018\/06\/logo-HPS-2019-768x502.jpg 768w, https:\/\/www.lagob.fr\/wp-content\/uploads\/2018\/06\/logo-HPS-2019.jpg 960w\" sizes=\"(max-width: 200px) 100vw, 200px\" \/><\/figure><p><\/p>\n<p>L&rsquo;association HPS participe \u00e0 la promotion de la culture Hip-hop.<\/p>\n<p>\u2192 <a href=\"https:\/\/hpscrew.bandcamp.com\/\">https:\/\/hpscrew.bandcamp.com\/<\/a><\/p>\n<\/div>\n\n\n\n<hr class=\"wp-block-separator has-css-opacity\"\/>\n\n\n\n<div class=\"locataire\">\n<figure><img decoding=\"async\" class=\"locataire-img alignleft\" src=\"https:\/\/www.lagob.fr\/wp-content\/uploads\/2024\/02\/LOGO-JAVA.jpg\" alt=\"\"><\/figure><p><\/p>\n<p>Notre association \u00e9mergente a pour but de soutenir et promouvoir toutes les actions en vue de la socialisation professionnelle de personnes en situation de handicap intellectuel et \u00e9loign\u00e9es de l\u2019emploi en cr\u00e9ant et d\u00e9veloppant des activit\u00e9s li\u00e9es \u00e0 la cr\u00e9ation d\u2019articles en couture et leur vente sous la marque Tiss\u00e9a.<\/p>\n<p>\u2192 <a href=\"https:\/\/www.ungrandmarche.fr\/boutique\/tissea-by-mademoiselle-coud\">https:\/\/www.ungrandmarche.fr\/boutique\/tissea-by-mademoiselle-coud<\/a><\/p>\n<\/div>\n\n\n\n<hr class=\"wp-block-separator has-css-opacity\"\/>\n\n\n\n<div class=\"locataire\">\n<figure><img loading=\"lazy\" decoding=\"async\" class=\"locataire-img alignleft wp-image-659\" src=\"https:\/\/www.lagob.fr\/wp-content\/uploads\/2019\/07\/olivier-morin-273x300.png\" alt=\"\" width=\"200\" height=\"220\" srcset=\"https:\/\/www.lagob.fr\/wp-content\/uploads\/2019\/07\/olivier-morin-273x300.png 273w, https:\/\/www.lagob.fr\/wp-content\/uploads\/2019\/07\/olivier-morin.png 320w\" sizes=\"(max-width: 200px) 100vw, 200px\" \/><\/figure><p><\/p>\n<p>La Pierre, la Chaux et les p\u2019tits Bouts de Bois : ma\u00e7onnerie traditionnelle, Charpente\u2026 et tutti quanti.<\/p>\n<p>\u2192 <a href=\"https:\/\/alterbative.fr\">https:\/\/alterbative.fr<\/a><\/p>\n<\/div>\n\n\n\n<hr class=\"wp-block-separator has-css-opacity\"\/>\n\n\n\n<hr class=\"wp-block-separator has-css-opacity\"\/>\n\n\n\n<div class=\"locataire\">\n<figure><img loading=\"lazy\" decoding=\"async\" class=\"locataire-img wp-image-656 alignleft\" src=\"https:\/\/www.lagob.fr\/wp-content\/uploads\/2021\/09\/Capture-du-2021-09-26-06-56-46.png\" alt=\"\" width=\"200\" height=\"200\"><\/figure><p><\/p>\n<p>Rhizom Studio est sp\u00e9cialis\u00e9 dans la cr\u00e9ation et la production d\u2019accessoires de mode et d\u2019installations artistiques contemporaines.<\/p>\n<p>\u2192 <a href=\"https:\/\/www.rhizom-studio.com\/\">https:\/\/www.rhizom-studio.com\/<\/a><\/p>\n<\/div>\n\n\n\n<hr class=\"wp-block-separator has-css-opacity\"\/>\n\n\n\n<div class=\"locataire\">\n<figure><img loading=\"lazy\" decoding=\"async\" class=\"locataire-img alignleft wp-image-653\" src=\"https:\/\/www.lagob.fr\/wp-content\/uploads\/2021\/09\/Capture-du-2021-09-26-07-26-56.png\" alt=\"\" width=\"200\" height=\"35\"><\/figure>\n<p>Romuald Pichot, auto-entrepreneur travaille dans la construction de paligloo et participe \u00e0 la restauration du <a href=\"https:\/\/www.moulin-garreau.fr\/\">moulin Garreau<\/a>.<\/p>\n<\/div>\n\n\n\n<hr class=\"wp-block-separator has-css-opacity\"\/>\n\n\n\n<div class=\"locataire\">\n<figure><img loading=\"lazy\" decoding=\"async\" class=\"locataire-img alignleft wp-image-653\" src=\"https:\/\/www.lagob.fr\/wp-content\/uploads\/2019\/07\/logo_SOLHYS_bleu2-300x53.jpg\" alt=\"\" width=\"200\" height=\"35\" srcset=\"https:\/\/www.lagob.fr\/wp-content\/uploads\/2019\/07\/logo_SOLHYS_bleu2-300x53.jpg 300w, https:\/\/www.lagob.fr\/wp-content\/uploads\/2019\/07\/logo_SOLHYS_bleu2-768x135.jpg 768w, https:\/\/www.lagob.fr\/wp-content\/uploads\/2019\/07\/logo_SOLHYS_bleu2-1024x180.jpg 1024w\" sizes=\"(max-width: 200px) 100vw, 200px\" \/><\/figure><p><\/p>\n<p>Solhys est une entreprise artisanale sp\u00e9cialis\u00e9e dans la r\u00e9novation thermique des b\u00e2timents.<br>Partisan depuis longtemps d\u2019une approche globale du b\u00e2timent, nous privil\u00e9gions le d\u00e9veloppement des \u00e9nergies renouvelables bois et solaire thermique. Ces deux \u00e9nergies sont les moins ch\u00e8res et sont totalement renouvelables.<br>La qualit\u00e9 des installations repose sur une exp\u00e9rience de 30 ans dans le g\u00e9nie climatique et les \u00e9nergies renouvelables.<br>Solhys s&rsquo;est associ\u00e9 depuis le 1er Janvier 2016 \u00e0 l\u2019entreprise GILDAS RAOUL, sp\u00e9cialis\u00e9e depuis 35 ans dans l\u2019isolation et la pose de menuiseries.<br>Cette double comp\u00e9tence nous permet maintenant d\u2019intervenir \u00e0 la fois sur le b\u00e2ti et sur le syst\u00e8me de chauffage en choisissant et en \u00ab priorisant \u00bb les interventions.<br>Nous vous proposons de vous guider et de vous assister dans vos choix de r\u00e9novation dans les domaines :<\/p>\n<p>&#8211; <strong>Chauffage<\/strong><br>&#8211; <strong>Menuiseries ext\u00e9rieures<\/strong><br>&#8211; <strong>Isolation<\/strong><br>&#8211; <strong>Ventilation<\/strong><\/p>\n<p>L\u2019entreprise intervient dans le nord Deux-S\u00e8vres et dans les d\u00e9partements voisins. Nous sommes certifi\u00e9s RGE : Qualisol (chauffe eau solaire et chauffage solaire), Qualibois et Qualibat.<\/p>\n<p>\u2192 <a href=\"https:\/\/www.solhys.fr\/\">https:\/\/www.solhys.fr\/<\/a><\/p>\n<\/div>\n\n\n\n<hr class=\"wp-block-separator has-css-opacity\"\/>\n\n\n\n<div class=\"locataire\">\n<figure><img loading=\"lazy\" decoding=\"async\" class=\"locataire-img alignleft wp-image-875\" src=\"https:\/\/www.lagob.fr\/wp-content\/uploads\/2020\/09\/veloma9.png\" alt=\"\" width=\"200\" height=\"129\" srcset=\"https:\/\/www.lagob.fr\/wp-content\/uploads\/2020\/09\/veloma9.png 4364w, https:\/\/www.lagob.fr\/wp-content\/uploads\/2020\/09\/veloma9-300x194.png 300w, https:\/\/www.lagob.fr\/wp-content\/uploads\/2020\/09\/veloma9-768x496.png 768w, https:\/\/www.lagob.fr\/wp-content\/uploads\/2020\/09\/veloma9-1024x661.png 1024w\" sizes=\"(max-width: 200px) 100vw, 200px\" \/><\/figure><p><\/p>\n<p><strong>V\u00e9loma exp\u00e9rimente des v\u00e9lo-cargo, des remorques, et des outils de basse-technologie.<\/strong> V\u00e9loma enseigne, recycle, fabrique transforme des mat\u00e9riaux pour mettre en \u0153uvre des outils d\u2019\u00e9mancipation.\n<br>Ce collectif passionn\u00e9e des \u00ab mobilit\u00e9s \u00bb depuis l\u2019enfance dispose d\u2019une longue exp\u00e9rience internationale et construit ses v\u00e9los, outils f\u00e9eriques et fonctionnels depuis 2012.\n<br>V\u00e9loma organise et s\u2019associe aussi \u00e0 des stages, rencontres et autres festivals, concernant le monde des v\u00e9lo-cargo, remorques, triporteur, v\u00e9lo loufoque, objet basse-technologie, boulange, agroforestrie\u2026<\/p>\n<p>\u2192 <a href=\"https:\/\/veloma.org\/\">https:\/\/veloma.org\/<\/a><\/p>\n<\/div>\n","protected":false},"excerpt":{"rendered":"<p>Guillaume Bourguignon, \u00e9lagueur. \u2192 https:\/\/www.facebook.com\/Bourguibois Le Cirque Lazuli ce sont avant tout des amoureux de voyages et d&rsquo;\u00e9changes, mettant l&rsquo;accent sur l&rsquo;itin\u00e9rance et la rencontre avec les spectateurs. Nos spectacles toujours sur le fil mettent en balance les \u00e9quilibres et d\u00e9s\u00e9quilibres des relations humaines avec toujours plus d&rsquo;humour et d&rsquo;absurdit\u00e9&#8230; \u2192 https:\/\/www.cirquelazuli.com\/ Electra Organic est &hellip; <\/p>\n<p class=\"link-more\"><a href=\"https:\/\/www.lagob.fr\/?page_id=51\" class=\"more-link\">Continuer la lecture<span class=\"screen-reader-text\"> de &laquo;&nbsp;Les locataires&nbsp;&raquo;<\/span><\/a><\/p>\n","protected":false},"author":10,"featured_media":0,"parent":0,"menu_order":0,"comment_status":"closed","ping_status":"closed","template":"","meta":{"footnotes":""},"_links":{"self":[{"href":"https:\/\/www.lagob.fr\/index.php?rest_route=\/wp\/v2\/pages\/51"}],"collection":[{"href":"https:\/\/www.lagob.fr\/index.php?rest_route=\/wp\/v2\/pages"}],"about":[{"href":"https:\/\/www.lagob.fr\/index.php?rest_route=\/wp\/v2\/types\/page"}],"author":[{"embeddable":true,"href":"https:\/\/www.lagob.fr\/index.php?rest_route=\/wp\/v2\/users\/10"}],"replies":[{"embeddable":true,"href":"https:\/\/www.lagob.fr\/index.php?rest_route=%2Fwp%2Fv2%2Fcomments&post=51"}],"version-history":[{"count":50,"href":"https:\/\/www.lagob.fr\/index.php?rest_route=\/wp\/v2\/pages\/51\/revisions"}],"predecessor-version":[{"id":1321,"href":"https:\/\/www.lagob.fr\/index.php?rest_route=\/wp\/v2\/pages\/51\/revisions\/1321"}],"wp:attachment":[{"href":"https:\/\/www.lagob.fr\/index.php?rest_route=%2Fwp%2Fv2%2Fmedia&parent=51"}],"curies":[{"name":"wp","href":"https:\/\/api.w.org\/{rel}","templated":true}]}}