{"id":7,"date":"2018-01-03T09:34:36","date_gmt":"2018-01-03T08:34:36","guid":{"rendered":"http:\/\/www.lagob.fr\/?page_id=7"},"modified":"2026-04-02T18:53:10","modified_gmt":"2026-04-02T16:53:10","slug":"accueil","status":"publish","type":"page","link":"https:\/\/www.lagob.fr\/","title":{"rendered":"Accueil"},"content":{"rendered":"\n<p class=\"has-text-align-center\">Bienvenue sur le site du tiers lieu \u00ab\u00a0LA GOB\u00a0\u00bb<\/p>\n\n\n\n<p>\u00e9v\u00e9nement du moment:<\/p>\n\n\n<div class=\"wp-block-image\">\n<figure class=\"aligncenter size-full\"><img loading=\"lazy\" decoding=\"async\" width=\"1587\" height=\"2245\" src=\"https:\/\/www.lagob.fr\/wp-content\/uploads\/2026\/03\/Design-sans-titre.jpeg\" alt=\"\" class=\"wp-image-1329\" srcset=\"https:\/\/www.lagob.fr\/wp-content\/uploads\/2026\/03\/Design-sans-titre.jpeg 1587w, https:\/\/www.lagob.fr\/wp-content\/uploads\/2026\/03\/Design-sans-titre-212x300.jpeg 212w, https:\/\/www.lagob.fr\/wp-content\/uploads\/2026\/03\/Design-sans-titre-724x1024.jpeg 724w, https:\/\/www.lagob.fr\/wp-content\/uploads\/2026\/03\/Design-sans-titre-768x1086.jpeg 768w, https:\/\/www.lagob.fr\/wp-content\/uploads\/2026\/03\/Design-sans-titre-1086x1536.jpeg 1086w, https:\/\/www.lagob.fr\/wp-content\/uploads\/2026\/03\/Design-sans-titre-1448x2048.jpeg 1448w\" sizes=\"(max-width: 767px) 89vw, (max-width: 1000px) 54vw, (max-width: 1071px) 543px, 580px\" \/><\/figure><\/div>\n\n\n<p>espaces \u00e0 louer<\/p>\n\n\n<p><img loading=\"lazy\" decoding=\"async\" class=\"aligncenter wp-image-1293\" src=\"https:\/\/www.lagob.fr\/wp-content\/uploads\/2025\/11\/Annonce-Location-23-11-25.jpg\" alt=\"\" width=\"877\" height=\"622\" srcset=\"https:\/\/www.lagob.fr\/wp-content\/uploads\/2025\/11\/Annonce-Location-23-11-25.jpg 777w, https:\/\/www.lagob.fr\/wp-content\/uploads\/2025\/11\/Annonce-Location-23-11-25-300x213.jpg 300w, https:\/\/www.lagob.fr\/wp-content\/uploads\/2025\/11\/Annonce-Location-23-11-25-768x545.jpg 768w\" sizes=\"(max-width: 767px) 89vw, (max-width: 1000px) 54vw, (max-width: 1071px) 543px, 580px\" \/><\/p>\n<p style=\"text-align: center;\">\n<h1 style=\"text-align: center;\"><img loading=\"lazy\" decoding=\"async\" class=\"aligncenter wp-image-842 size-large\" src=\"https:\/\/www.lagob.fr\/wp-content\/uploads\/2020\/07\/3-1024x768.jpg\" alt=\"\" width=\"525\" height=\"394\" srcset=\"https:\/\/www.lagob.fr\/wp-content\/uploads\/2020\/07\/3-1024x768.jpg 1024w, https:\/\/www.lagob.fr\/wp-content\/uploads\/2020\/07\/3-300x225.jpg 300w, https:\/\/www.lagob.fr\/wp-content\/uploads\/2020\/07\/3-768x576.jpg 768w, https:\/\/www.lagob.fr\/wp-content\/uploads\/2020\/07\/3.jpg 2048w\" sizes=\"(max-width: 525px) 100vw, 525px\" \/><\/h1>\n<div style=\"width: 100%; text-align: center;\">Le lieu : il s&rsquo;agit de faire revivre un b\u00e2timent industriel qui n&rsquo;accueillait plus d&rsquo;activit\u00e9s depuis une dizaine d&rsquo;ann\u00e9es.<\/p>\n<div style=\"width: 100%; text-align: center;\">\n<p>Ancienne briqueterie jusqu&rsquo;au d\u00e9but de la deuxi\u00e8me guerre mondiale, le b\u00e2timent a ensuite abrit\u00e9 des activit\u00e9s en lien avec l&rsquo;abattoir, toujours en fonctionnement de l\u2019autre cot\u00e9 de la rue de la Chaize telles que le stockage de bestiaux, le salage et le stockage des peaux. D&rsquo;autres activit\u00e9s ont \u00e9galement \u00e9t\u00e9 pratiqu\u00e9es :\u00a0 menuiserie, ma\u00e7onnerie, r\u00e9paration automobile, taille de pierres&#8230;<\/p>\n<p>2017 : R\u00e9habiliter ce b\u00e2timent, proche du centre-ville, c\u2018est \u00e9viter qu\u2019il devienne une friche. C\u2019est montrer que l\u2019arti\ufb01cialisation des terres agricoles au pro\ufb01t de l&rsquo;urbanisation n\u2019est pas in\u00e9luctable et qu\u2019il existe des lieux \u00e0 reconqu\u00e9rir en ville.<\/p>\n<p>L&rsquo;ensemble du Lieu (b\u00e2ti + cour ext\u00e9rieure) couvre 5000 m\u00b2.<\/p>\n<p>Le b\u00e2timent, \u00e0 lui seul, repr\u00e9sente 1700 m\u00b2.<\/p>\n<p><img loading=\"lazy\" decoding=\"async\" class=\"alignnone wp-image-204\" src=\"https:\/\/www.lagob.fr\/wp-content\/uploads\/2018\/03\/logo-LA-GOB-300x185.jpg\" alt=\"\" width=\"238\" height=\"147\" srcset=\"https:\/\/www.lagob.fr\/wp-content\/uploads\/2018\/03\/logo-LA-GOB-300x185.jpg 300w, https:\/\/www.lagob.fr\/wp-content\/uploads\/2018\/03\/logo-LA-GOB.jpg 743w\" sizes=\"(max-width: 238px) 100vw, 238px\" \/><\/p>\n<h2>La dimension collective :<\/h2>\n<p>Les intentions du projet aujourd\u2019hui :<\/p>\n<ul>\n<li>Accueillir des activit\u00e9s diverses, telles que commerciales, artisanales, de services, industrielles, culturelles, sociales, solidaires&#8230;<\/li>\n<li>Cr\u00e9er un lieu de mutualisation de mat\u00e9riels, de techniques, de savoir-faire, avec la mise en place d&rsquo;un atelier de prototypage. Les utilisateurs du lieu disposeront de bureaux, de locaux d&rsquo;activit\u00e9s ou de stockage, de services communs (accueil, salles de r\u00e9unions, comptabilit\u00e9&#8230;).<\/li>\n<li>Animer un espace d\u2019activit\u00e9s et de convivialit\u00e9, o\u00f9 les hommes et les femmes partagent des id\u00e9es et des valeurs comme la durabilit\u00e9, la r\u00e9partition des richesses, la solidarit\u00e9 et l\u2019\u00e9cologie.<\/li>\n<\/ul>\n<p><strong>Visitez l&rsquo;<a href=\"https:\/\/framagenda.org\/index.php\/apps\/calendar\/p\/B8X5F6Zbtx49xziZ-n4HFCkBQAD2755XD-6sc3eqA4psLzsJgE-qYXFw99qC6cxFWFF-wxQdWL9n9mDFwxxx\/dayGridMonth\/now\">agenda<\/a><\/strong> pour voir ce qu&rsquo;il s&rsquo;y passe.<\/p>\n<p>Et quelques informations pour mieux comprendre le projet :<\/p>\n<ul>\n<li><a href=\"http:\/\/www.electra-organic.com\/wp-content\/uploads\/2017\/10\/RELEVE.pdf\">les plans du b\u00e2timent<\/a><\/li>\n<li><a href=\"http:\/\/www.electra-organic.com\/wp-content\/uploads\/2017\/10\/projet-Tiers-Lieux-Bressuire2.pdf\">la premi\u00e8re version du projet<\/a><\/li>\n<li><a href=\"http:\/\/www.electra-organic.com\/wp-content\/uploads\/2017\/10\/COMPTE-RENDU-REUNION-DU-3-JUIN-2017-PROJET-TIERS-LIEU.pdf\">le compte rendu de la r\u00e9union du 3 juin 2017<\/a><\/li>\n<li><a href=\"https:\/\/www.lanouvellerepublique.fr\/actu\/petit-a-petit-la-gob-reprend-vie\">article de la nouvelle r\u00e9publique du 28\/06\/17<\/a><\/li>\n<li><a href=\"https:\/\/www.lagob.fr\/wp-content\/uploads\/2018\/02\/2017.10.18_COtiersLieu.jpg\">article du courrier de l&rsquo;ouest du 18 \/10\/17<\/a><\/li>\n<li><a href=\"https:\/\/www.lagob.fr\/wp-content\/uploads\/2018\/02\/2017.11.07_CO_tierslieu.jpg\">article du courrier de l&rsquo;ouest du 07\/11\/17<\/a><\/li>\n<li><a href=\"https:\/\/www.lagob.fr\/wp-content\/uploads\/2018\/02\/2018.02.03_NRlaGOB.jpg\">article de la nouvelle r\u00e9publique du 30\/02\/2018<\/a><\/li>\n<li><a href=\"https:\/\/www.lagob.fr\/wp-content\/uploads\/2018\/09\/article-co-07-09-18.jpg\">article du courrier de l&rsquo;ouest du 07\/09\/2018<\/a><\/li>\n<li><a href=\"https:\/\/www.lagob.fr\/wp-content\/uploads\/2018\/09\/collines-fm-10-09-2018.mp3\">journal de collines FM 10\/09\/2018<\/a><\/li>\n<li><a href=\"https:\/\/www.lagob.fr\/wp-content\/uploads\/2018\/09\/carnet-de-campagne-13-09-2018.mp3\">carnet de campagne \/France Inter 13\/09\/2018<\/a><\/li>\n<li>article de la nouvelle r\u00e9publique du<a href=\"https:\/\/www.lanouvellerepublique.fr\/bressuire\/la-gob-a-des-forces-en-rezerve?queryId%5Bquery1%5D=57cd2206459a452f008b4594&amp;queryId%5Bquery2%5D=57c95b34479a452f008b459d&amp;page=5&amp;pageId=57da5cf8459a4552008b4af7\">\u00a029\/09\/2018<\/a><\/li>\n<\/ul>\n<\/div>\n<\/div>\n\n\n<p><\/p>\n\n\n\n<p><\/p>\n","protected":false},"excerpt":{"rendered":"<p>Bienvenue sur le site du tiers lieu \u00ab\u00a0LA GOB\u00a0\u00bb \u00e9v\u00e9nement du moment: espaces \u00e0 louer Le lieu : il s&rsquo;agit de faire revivre un b\u00e2timent industriel qui n&rsquo;accueillait plus d&rsquo;activit\u00e9s depuis une dizaine d&rsquo;ann\u00e9es. Ancienne briqueterie jusqu&rsquo;au d\u00e9but de la deuxi\u00e8me guerre mondiale, le b\u00e2timent a ensuite abrit\u00e9 des activit\u00e9s en lien avec l&rsquo;abattoir, toujours &hellip; <\/p>\n<p class=\"link-more\"><a href=\"https:\/\/www.lagob.fr\/\" class=\"more-link\">Continuer la lecture<span class=\"screen-reader-text\"> de &laquo;&nbsp;Accueil&nbsp;&raquo;<\/span><\/a><\/p>\n","protected":false},"author":1,"featured_media":0,"parent":0,"menu_order":0,"comment_status":"closed","ping_status":"closed","template":"","meta":{"footnotes":""},"_links":{"self":[{"href":"https:\/\/www.lagob.fr\/index.php?rest_route=\/wp\/v2\/pages\/7"}],"collection":[{"href":"https:\/\/www.lagob.fr\/index.php?rest_route=\/wp\/v2\/pages"}],"about":[{"href":"https:\/\/www.lagob.fr\/index.php?rest_route=\/wp\/v2\/types\/page"}],"author":[{"embeddable":true,"href":"https:\/\/www.lagob.fr\/index.php?rest_route=\/wp\/v2\/users\/1"}],"replies":[{"embeddable":true,"href":"https:\/\/www.lagob.fr\/index.php?rest_route=%2Fwp%2Fv2%2Fcomments&post=7"}],"version-history":[{"count":70,"href":"https:\/\/www.lagob.fr\/index.php?rest_route=\/wp\/v2\/pages\/7\/revisions"}],"predecessor-version":[{"id":1339,"href":"https:\/\/www.lagob.fr\/index.php?rest_route=\/wp\/v2\/pages\/7\/revisions\/1339"}],"wp:attachment":[{"href":"https:\/\/www.lagob.fr\/index.php?rest_route=%2Fwp%2Fv2%2Fmedia&parent=7"}],"curies":[{"name":"wp","href":"https:\/\/api.w.org\/{rel}","templated":true}]}}