{"id":9,"date":"2018-01-03T09:34:36","date_gmt":"2018-01-03T08:34:36","guid":{"rendered":"http:\/\/www.lagob.fr\/?page_id=9"},"modified":"2023-04-26T17:28:19","modified_gmt":"2023-04-26T15:28:19","slug":"contact","status":"publish","type":"page","link":"https:\/\/www.lagob.fr\/?page_id=9","title":{"rendered":"Contact"},"content":{"rendered":"<p>Le mieux, c&rsquo;est de venir nous voir pour l&rsquo;instant : le vendredi midi pour un repas \u00e0 prix libre<\/p>\n<p><iframe loading=\"lazy\" src=\"https:\/\/umap.openstreetmap.fr\/fr\/map\/la-gob-tiers-lieu-a-bressuire_144645?scaleControl=false&amp;miniMap=false&amp;scrollWheelZoom=false&amp;zoomControl=true&amp;allowEdit=false&amp;moreControl=true&amp;searchControl=null&amp;tilelayersControl=null&amp;embedControl=null&amp;datalayersControl=true&amp;onLoadPanel=undefined&amp;captionBar=false\" width=\"100%\" height=\"600\" frameborder=\"0\"><\/iframe><\/p>\n<p><a href=\"https:\/\/umap.openstreetmap.fr\/fr\/map\/la-gob-tiers-lieu-a-bressuire_144645\">Voir en plein \u00e9cran<\/a><\/p>\n<p>ou<\/p>\n<p><a href=\"mailto:contact@lagob.fr\">contact@lagob.fr<\/a><\/p>\n<p>Nous sommes \u00e9galement sur :<\/p>\n<p><a rel=\"me\" href=\"https:\/\/mastodon.top\/@lagob\">Mastodon<\/a><br \/>\n<a href=\"https:\/\/www.facebook.com\/profile.php?id=100028181748683\">Facebook<\/a><\/p>\n","protected":false},"excerpt":{"rendered":"<p>Le mieux, c&rsquo;est de venir nous voir pour l&rsquo;instant : le vendredi midi pour un repas \u00e0 prix libre Voir en plein \u00e9cran ou contact@lagob.fr Nous sommes \u00e9galement sur : Mastodon Facebook<\/p>\n","protected":false},"author":1,"featured_media":58,"parent":0,"menu_order":0,"comment_status":"closed","ping_status":"closed","template":"","meta":{"footnotes":""},"_links":{"self":[{"href":"https:\/\/www.lagob.fr\/index.php?rest_route=\/wp\/v2\/pages\/9"}],"collection":[{"href":"https:\/\/www.lagob.fr\/index.php?rest_route=\/wp\/v2\/pages"}],"about":[{"href":"https:\/\/www.lagob.fr\/index.php?rest_route=\/wp\/v2\/types\/page"}],"author":[{"embeddable":true,"href":"https:\/\/www.lagob.fr\/index.php?rest_route=\/wp\/v2\/users\/1"}],"replies":[{"embeddable":true,"href":"https:\/\/www.lagob.fr\/index.php?rest_route=%2Fwp%2Fv2%2Fcomments&post=9"}],"version-history":[{"count":18,"href":"https:\/\/www.lagob.fr\/index.php?rest_route=\/wp\/v2\/pages\/9\/revisions"}],"predecessor-version":[{"id":1066,"href":"https:\/\/www.lagob.fr\/index.php?rest_route=\/wp\/v2\/pages\/9\/revisions\/1066"}],"wp:featuredmedia":[{"embeddable":true,"href":"https:\/\/www.lagob.fr\/index.php?rest_route=\/wp\/v2\/media\/58"}],"wp:attachment":[{"href":"https:\/\/www.lagob.fr\/index.php?rest_route=%2Fwp%2Fv2%2Fmedia&parent=9"}],"curies":[{"name":"wp","href":"https:\/\/api.w.org\/{rel}","templated":true}]}}