{"id":941,"date":"2021-03-28T19:42:35","date_gmt":"2021-03-28T17:42:35","guid":{"rendered":"http:\/\/www.lagob.fr\/?page_id=941"},"modified":"2025-12-13T18:35:44","modified_gmt":"2025-12-13T17:35:44","slug":"location-de-salle","status":"publish","type":"page","link":"https:\/\/www.lagob.fr\/?page_id=941","title":{"rendered":"Location de salle"},"content":{"rendered":"\n<p>Depuis plusieurs mois nous avons eu de nombreuses sollicitations de structures externes \u00e0 La Gob (non locataires) pour occuper soit notre salle de r\u00e9union, soit notre salle \u00ab\u00a0Le Gobelet\u00a0\u00bb.<\/p>\n\n\n\n<p>Pour que ces demandes soient plus simples \u00e0 g\u00e9rer pour nous (nous sommes tou\u00b7te\u00b7s b\u00e9n\u00e9voles), on met d\u00e9sormais \u00e0 disposition nos conditions sous forme de \u00ab\u00a0Convention de mise \u00e0 disposition\u00a0\u00bb sur notre site web :<\/p>\n\n\n\n<p>Pour la salle de r\u00e9union :<\/p>\n\n\n\n<div data-wp-interactive=\"\" class=\"wp-block-file\"><object data-wp-bind--hidden=\"!selectors.core.file.hasPdfPreview\" hidden class=\"wp-block-file__embed\" data=\"https:\/\/www.lagob.fr\/wp-content\/uploads\/2025\/12\/Convention_mise_a_dispo_salle_reunion_oct2025.pdf\" type=\"application\/pdf\" style=\"width:100%;height:600px\" aria-label=\"Contenu embarqu\u00e9 Convention_mise_a_dispo_salle_reunion_oct2025.\"><\/object><a id=\"wp-block-file--media-8539a153-2b0b-4a4d-b050-17e2c7ac2d9f\" href=\"https:\/\/www.lagob.fr\/wp-content\/uploads\/2025\/12\/Convention_mise_a_dispo_salle_reunion_oct2025.pdf\">Convention_mise_a_dispo_salle_reunion_oct2025<\/a><a href=\"https:\/\/www.lagob.fr\/wp-content\/uploads\/2025\/12\/Convention_mise_a_dispo_salle_reunion_oct2025.pdf\" class=\"wp-block-file__button wp-element-button\" download aria-describedby=\"wp-block-file--media-8539a153-2b0b-4a4d-b050-17e2c7ac2d9f\">T\u00e9l\u00e9charger<\/a><\/div>\n\n\n\n<p><\/p>\n\n\n\n<p>Pour la salle \u00ab\u00a0Le Gobelet\u00a0\u00bb :<\/p>\n\n\n\n<div data-wp-interactive=\"\" class=\"wp-block-file\"><object data-wp-bind--hidden=\"!selectors.core.file.hasPdfPreview\" hidden class=\"wp-block-file__embed\" data=\"https:\/\/www.lagob.fr\/wp-content\/uploads\/2025\/12\/Convention_mise_a_dispo_gobelet_oct2025.pdf\" type=\"application\/pdf\" style=\"width:100%;height:600px\" aria-label=\"Contenu embarqu\u00e9 Convention_mise_a_dispo_gobelet_oct2025.\"><\/object><a id=\"wp-block-file--media-0b2d3b08-d8e2-4190-94a8-028389b45e6e\" href=\"https:\/\/www.lagob.fr\/wp-content\/uploads\/2025\/12\/Convention_mise_a_dispo_gobelet_oct2025.pdf\">Convention_mise_a_dispo_gobelet_oct2025<\/a><a href=\"https:\/\/www.lagob.fr\/wp-content\/uploads\/2025\/12\/Convention_mise_a_dispo_gobelet_oct2025.pdf\" class=\"wp-block-file__button wp-element-button\" download aria-describedby=\"wp-block-file--media-0b2d3b08-d8e2-4190-94a8-028389b45e6e\">T\u00e9l\u00e9charger<\/a><\/div>\n\n\n\n<p><\/p>\n\n\n\n<p>Merci de les lire et voir si \u00e7a vous convient avant de nous envoyer une demande. Si toutefois une information n&rsquo;est pas claire, \u00e9crivez-nous \u00e0 contact@lagob.fr.<\/p>\n\n\n\n<p>Nous conseillons le prix de 20\u20ac par location de salle, tout en restant \u00e0 prix libre.<br>Ce faisant, vous participerez directement \u00e0 l&rsquo;am\u00e9lioration du confort et \u00e0 la r\u00e9novation des b\u00e2timents de La Gob, donc merci !<\/p>\n\n\n\n<p>Ces demandes devront, quoi qu&rsquo;il arrive, \u00eatre valid\u00e9es par le Conseil d&rsquo;Administration.<\/p>\n","protected":false},"excerpt":{"rendered":"<p>Depuis plusieurs mois nous avons eu de nombreuses sollicitations de structures externes \u00e0 La Gob (non locataires) pour occuper soit notre salle de r\u00e9union, soit notre salle \u00ab\u00a0Le Gobelet\u00a0\u00bb. Pour que ces demandes soient plus simples \u00e0 g\u00e9rer pour nous (nous sommes tou\u00b7te\u00b7s b\u00e9n\u00e9voles), on met d\u00e9sormais \u00e0 disposition nos conditions sous forme de \u00ab\u00a0Convention &hellip; <\/p>\n<p class=\"link-more\"><a href=\"https:\/\/www.lagob.fr\/?page_id=941\" class=\"more-link\">Continuer la lecture<span class=\"screen-reader-text\"> de &laquo;&nbsp;Location de salle&nbsp;&raquo;<\/span><\/a><\/p>\n","protected":false},"author":1,"featured_media":0,"parent":0,"menu_order":0,"comment_status":"closed","ping_status":"closed","template":"","meta":{"footnotes":""},"_links":{"self":[{"href":"https:\/\/www.lagob.fr\/index.php?rest_route=\/wp\/v2\/pages\/941"}],"collection":[{"href":"https:\/\/www.lagob.fr\/index.php?rest_route=\/wp\/v2\/pages"}],"about":[{"href":"https:\/\/www.lagob.fr\/index.php?rest_route=\/wp\/v2\/types\/page"}],"author":[{"embeddable":true,"href":"https:\/\/www.lagob.fr\/index.php?rest_route=\/wp\/v2\/users\/1"}],"replies":[{"embeddable":true,"href":"https:\/\/www.lagob.fr\/index.php?rest_route=%2Fwp%2Fv2%2Fcomments&post=941"}],"version-history":[{"count":9,"href":"https:\/\/www.lagob.fr\/index.php?rest_route=\/wp\/v2\/pages\/941\/revisions"}],"predecessor-version":[{"id":1308,"href":"https:\/\/www.lagob.fr\/index.php?rest_route=\/wp\/v2\/pages\/941\/revisions\/1308"}],"wp:attachment":[{"href":"https:\/\/www.lagob.fr\/index.php?rest_route=%2Fwp%2Fv2%2Fmedia&parent=941"}],"curies":[{"name":"wp","href":"https:\/\/api.w.org\/{rel}","templated":true}]}}